{"id":245,"date":"2017-06-09T16:55:00","date_gmt":"2017-06-09T16:55:00","guid":{"rendered":"http:\/\/www.schreinerei-regensburg.net\/?page_id=245"},"modified":"2022-03-25T18:32:11","modified_gmt":"2022-03-25T18:32:11","slug":"st2","status":"publish","type":"page","link":"https:\/\/www.sticker-manufaktur.com\/","title":{"rendered":"St2"},"content":{"rendered":"<div id=\"pl-245\"  class=\"panel-layout\" ><div id=\"pg-245-0\"  class=\"panel-grid panel-has-style\" ><div class=\"siteorigin-panels-stretch panel-row-style panel-row-style-for-245-0\" data-stretch-type=\"full-stretched\" ><div id=\"pgc-245-0-0\"  class=\"panel-grid-cell\" ><div id=\"panel-245-0-0-0\" class=\"so-panel widget widget_sow-editor panel-first-child panel-last-child\" data-index=\"0\" ><div class=\"panel-widget-style panel-widget-style-for-245-0-0-0\" ><div\n\t\t\t\n\t\t\tclass=\"so-widget-sow-editor so-widget-sow-editor-base\"\n\t\t\t\n\t\t>\n<div class=\"siteorigin-widget-tinymce textwidget\">\n\t<div id=\"metaslider-id-52\" style=\"width: 100%; margin: 0 auto;\" class=\"ml-slider-3-70-2 metaslider metaslider-flex metaslider-52 ml-slider ms-theme-default nav-hidden\" role=\"region\" aria-roledescription=\"Slideshow\" aria-label=\"Neue Diashow\">\n    <div id=\"metaslider_container_52\">\n        <div id=\"metaslider_52\" class=\"flexslider\">\n            <ul aria-live=\"polite\" class=\"slides\">\n                <li style=\"display: block; width: 100%;\" class=\"slide-726 ms-image \" aria-roledescription=\"slide\" aria-label=\"slide-726\"><img loading=\"lazy\" decoding=\"async\" src=\"https:\/\/www.sticker-manufaktur.com\/wp-content\/uploads\/2017\/11\/logo-1-2000x700.jpg\" height=\"700\" width=\"2000\" alt=\"\" class=\"slider-52 slide-726\" \/><div class=\"caption-wrap\"><div class=\"caption\"><div class=\"slide-text-bg2\"><span><\/span><\/div><\/div><\/div><\/li>\n            <\/ul>\n        <\/div>\n        \n    <\/div>\n<\/div>\n<\/div>\n<\/div><\/div><\/div><\/div><\/div><\/div><div id=\"pg-245-1\"  class=\"panel-grid panel-has-style\" ><div class=\"siteorigin-panels-stretch panel-row-style panel-row-style-for-245-1\" data-stretch-type=\"full-stretched\" ><div id=\"pgc-245-1-0\"  class=\"panel-grid-cell\" ><div id=\"panel-245-1-0-0\" class=\"so-panel widget widget_sow-hero panel-first-child panel-last-child\" data-index=\"1\" ><div\n\t\t\t\n\t\t\tclass=\"so-widget-sow-hero so-widget-sow-hero-default-8b68d035e9cc-245\"\n\t\t\t\n\t\t>\t\t\t\t<div class=\"sow-slider-base\" style=\"display: none\" tabindex=\"0\">\n\t\t\t\t\t<ul\n\t\t\t\t\tclass=\"sow-slider-images\"\n\t\t\t\t\tdata-settings=\"{&quot;pagination&quot;:true,&quot;speed&quot;:800,&quot;timeout&quot;:8000,&quot;paused&quot;:false,&quot;pause_on_hover&quot;:false,&quot;swipe&quot;:false,&quot;nav_always_show_desktop&quot;:&quot;&quot;,&quot;nav_always_show_mobile&quot;:&quot;&quot;,&quot;breakpoint&quot;:&quot;780px&quot;,&quot;unmute&quot;:false,&quot;anchor&quot;:null}\"\n\t\t\t\t\t\t\t\t\t\tdata-anchor-id=\"\"\n\t\t\t\t>\t\t<li class=\"sow-slider-image\" style=\"visibility: visible;;background-color: #444444\" >\n\t\t\t\t\t<div class=\"sow-slider-image-container\">\n\t\t\t<div class=\"sow-slider-image-wrapper\">\n\t\t\t\t<h3 id=\"head3\" style=\"text-align: center\">Ihr habt die Ideen?<\/h3>\n<h3 style=\"text-align: center\">Die Sticker Manufaktur setzt sie f\u00fcr euch um.<\/h3>\t\t\t<\/div>\n\t\t<\/div>\n\t\t\t\t<\/li>\n\t\t<\/ul>\t\t\t\t<ol class=\"sow-slider-pagination\">\n\t\t\t\t\t\t\t\t\t\t\t<li><a href=\"#\" data-goto=\"0\" aria-label=\"display slide 1\"><\/a><\/li>\n\t\t\t\t\t\t\t\t\t<\/ol>\n\n\t\t\t\t<div class=\"sow-slide-nav sow-slide-nav-next\">\n\t\t\t\t\t<a href=\"#\" data-goto=\"next\" aria-label=\"next slide\" data-action=\"next\">\n\t\t\t\t\t\t<em class=\"sow-sld-icon-thin-right\"><\/em>\n\t\t\t\t\t<\/a>\n\t\t\t\t<\/div>\n\n\t\t\t\t<div class=\"sow-slide-nav sow-slide-nav-prev\">\n\t\t\t\t\t<a href=\"#\" data-goto=\"previous\" aria-label=\"previous slide\" data-action=\"prev\">\n\t\t\t\t\t\t<em class=\"sow-sld-icon-thin-left\"><\/em>\n\t\t\t\t\t<\/a>\n\t\t\t\t<\/div>\n\t\t\t\t<\/div><\/div><\/div><\/div><\/div><\/div><div id=\"pg-245-2\"  class=\"panel-grid panel-has-style\" ><div class=\"panel-row-style panel-row-style-for-245-2\" ><div id=\"pgc-245-2-0\"  class=\"panel-grid-cell\" ><div id=\"panel-245-2-0-0\" class=\"so-panel widget widget_sow-features panel-first-child panel-last-child\" data-index=\"2\" ><div\n\t\t\t\n\t\t\tclass=\"so-widget-sow-features so-widget-sow-features-default-e0a1c574fd14-245\"\n\t\t\t\n\t\t>\n<div class=\"sow-features-list sow-features-responsive\">\n\n\t\t\t\t\t\t\t\t\t<div\n\t\t\t\tclass=\"sow-features-feature sow-icon-container-position-top\"\n\t\t\t\tstyle=\"display: flex; flex-direction: column; width: calc(33.333% - 25px);\"\n\t\t\t>\n\t\t\t\t\t\t\t<div class=\"sow-features-feature-right-left-container\" style=\"display: flex; flex-direction: inherit;\">\n\t\t\t\n\t\t\t\t\t\t\t\t\t<a\n\t\t\t\t\t\thref=\"https:\/\/www.sticker-manufaktur.com\/?page_id=889\"\n\t\t\t\t\t\t\t\t\t\t\t>\n\t\t\t\t\t\t\t\t<div\n\t\t\t\t\tclass=\"sow-icon-container sow-container-round\"\n\t\t\t\t\tstyle=\"color: #ffffff; \"\n\t\t\t\t\t\t\t\t\t>\n\t\t\t\t\t<div class=\"sow-icon-image\" style=\"background-image: url(https:\/\/www.sticker-manufaktur.com\/wp-content\/uploads\/2020\/12\/aa1bbadb-2079-4998-8b84-12aca499e053.jpg); font-size: 70px\"><\/div>\t\t\t\t<\/div>\n\t\t\t\t\t\t\t\t\t<\/a>\n\t\t\t\t\t\n\t\t\t\t<div class=\"textwidget\">\n\t\t\t\t\t\t\t\t\t\t\t<div class=\"sow-features-feature-content\">\n\t\t\t\t\t\n\t\t\t\t\t\n\t\t\t\t\t\t\t\t\t\t\t<h2 class=\"p1\">Aufkleber\/Decals<\/h2>\n<div id=\"toc\" class=\"toc\"><\/div>\n\t\t\t\t\t\n\t\t\t\t\t\t\t\t\t\t\t<\/div>\n\t\t\t\t\t\t<p class=\"sow-more-text\">\n\t\t\t\t\t\t\t<a href=\"https:\/\/www.sticker-manufaktur.com\/?page_id=889\" >\t\t\t\t\t\t\tMehrfarbig geplottete Motive, z.B. f\u00fcr die Verzierung von Autos, Fahrr\u00e4der oder Modellbau geeignet.\u00a0\t\t\t\t\t\t\t<\/a>\t\t\t\t\t\t<\/p>\n\t\t\t\t\t\t\t\t\t<\/div>\n\t\t\t\t\t\t\t\t\t<\/div>\n\t\t\t\t\t\t\t\t\n\t\t\t\t\t\t\t<\/div>\n\n\t\t\t\t\t\t\t\t<div\n\t\t\t\tclass=\"sow-features-feature sow-icon-container-position-top\"\n\t\t\t\tstyle=\"display: flex; flex-direction: column; width: calc(33.333% - 25px);\"\n\t\t\t>\n\t\t\t\n\t\t\t\t\t\t\t\t\t<a\n\t\t\t\t\t\thref=\"https:\/\/www.sticker-manufaktur.com\/?page_id=803\"\n\t\t\t\t\t\t\t\t\t\t\t>\n\t\t\t\t\t\t\t\t<div\n\t\t\t\t\tclass=\"sow-icon-container sow-container-round\"\n\t\t\t\t\tstyle=\"color: #ffffff; \"\n\t\t\t\t\t\t\t\t\t>\n\t\t\t\t\t<div class=\"sow-icon-image\" style=\"background-image: url(https:\/\/www.sticker-manufaktur.com\/wp-content\/uploads\/2017\/11\/14907098_643092139199706_3165862146273122705_n-1.jpg); font-size: 70px\"><\/div>\t\t\t\t<\/div>\n\t\t\t\t\t\t\t\t\t<\/a>\n\t\t\t\t\t\n\t\t\t\t<div class=\"textwidget\">\n\t\t\t\t\t\n\t\t\t\t\t\n\t\t\t\t\t\t\t\t\t\t\t<h2 class=\"p1\">KFZ-Beschriftungen\/Designs<\/h2>\n<p class=\"p1\">\n<\/p>\t\t\t\t\t\n\t\t\t\t\t\t\t\t\t<\/div>\n\t\t\t\t\t\t\t\t\n\t\t\t\t\t\t\t<\/div>\n\n\t\t\t\t\t\t\t\t<div\n\t\t\t\tclass=\"sow-features-feature sow-icon-container-position-top\"\n\t\t\t\tstyle=\"display: flex; flex-direction: column; width: calc(33.333% - 25px);\"\n\t\t\t>\n\t\t\t\t\t\t\t<div class=\"sow-features-feature-right-left-container\" style=\"display: flex; flex-direction: inherit;\">\n\t\t\t\n\t\t\t\t\t\t\t\t\t<a\n\t\t\t\t\t\thref=\"https:\/\/www.sticker-manufaktur.com\/?page_id=892\"\n\t\t\t\t\t\t\t\t\t\t\t>\n\t\t\t\t\t\t\t\t<div\n\t\t\t\t\tclass=\"sow-icon-container sow-container-round\"\n\t\t\t\t\tstyle=\"color: #ffffff; \"\n\t\t\t\t\t\t\t\t\t>\n\t\t\t\t\t<div class=\"sow-icon-image\" style=\"background-image: url(https:\/\/www.sticker-manufaktur.com\/wp-content\/uploads\/2020\/12\/tattoo4.jpg); font-size: 70px\"><\/div>\t\t\t\t<\/div>\n\t\t\t\t\t\t\t\t\t<\/a>\n\t\t\t\t\t\n\t\t\t\t<div class=\"textwidget\">\n\t\t\t\t\t\t\t\t\t\t\t<div class=\"sow-features-feature-content\">\n\t\t\t\t\t\n\t\t\t\t\t\n\t\t\t\t\t\t\t\t\t\t\t<h2>Wand-Tattoos<\/h2>\n<p>&nbsp;<\/p>\n\t\t\t\t\t\n\t\t\t\t\t\t\t\t\t\t\t<\/div>\n\t\t\t\t\t\t<p class=\"sow-more-text\">\n\t\t\t\t\t\t\t<a href=\"https:\/\/www.sticker-manufaktur.com\/?page_id=892\" >\t\t\t\t\t\t\tAnspruchsvolle Verzierungen f\u00fcr deine eigenen vier W\u00e4nde\t\t\t\t\t\t\t<\/a>\t\t\t\t\t\t<\/p>\n\t\t\t\t\t\t\t\t\t<\/div>\n\t\t\t\t\t\t\t\t\t<\/div>\n\t\t\t\t\t\t\t\t\n\t\t\t\t\t\t\t<\/div>\n\n\t\t\t\t\t\t\t\t<div\n\t\t\t\tclass=\"sow-features-feature sow-icon-container-position-top\"\n\t\t\t\tstyle=\"display: flex; flex-direction: column; width: calc(33.333% - 25px);\"\n\t\t\t>\n\t\t\t\n\t\t\t\t\t\t\t\t\t<a\n\t\t\t\t\t\thref=\"https:\/\/www.sticker-manufaktur.com\/?page_id=894\"\n\t\t\t\t\t\t\t\t\t\t\t>\n\t\t\t\t\t\t\t\t<div\n\t\t\t\t\tclass=\"sow-icon-container sow-container-round\"\n\t\t\t\t\tstyle=\"color: #ffffff; \"\n\t\t\t\t\t\t\t\t\t>\n\t\t\t\t\t<div class=\"sow-icon-image\" style=\"background-image: url(https:\/\/www.sticker-manufaktur.com\/wp-content\/uploads\/2020\/12\/shirt8.jpg); font-size: 70px\"><\/div>\t\t\t\t<\/div>\n\t\t\t\t\t\t\t\t\t<\/a>\n\t\t\t\t\t\n\t\t\t\t<div class=\"textwidget\">\n\t\t\t\t\t\n\t\t\t\t\t\n\t\t\t\t\t\t\t\t\t\t\t<h2 class=\"p1\">Textilveredelung<\/h2>\n<p class=\"p1\">Mehrfarbig bedruckte Shirt Hoodys oder Pullover , nach euren w\u00fcnschen.<\/p>\n<div id=\"toc\" class=\"toc\"><\/div>\n\t\t\t\t\t\n\t\t\t\t\t\t\t\t\t<\/div>\n\t\t\t\t\t\t\t\t\n\t\t\t\t\t\t\t<\/div>\n\n\t\t\t\t\t\t\t\t<div\n\t\t\t\tclass=\"sow-features-feature sow-icon-container-position-top\"\n\t\t\t\tstyle=\"display: flex; flex-direction: column; width: calc(33.333% - 25px);\"\n\t\t\t>\n\t\t\t\n\t\t\t\t\t\t\t\t\t<a\n\t\t\t\t\t\thref=\"https:\/\/www.sticker-manufaktur.com\/?page_id=896\"\n\t\t\t\t\t\t\t\t\t\t\t>\n\t\t\t\t\t\t\t\t<div\n\t\t\t\t\tclass=\"sow-icon-container sow-container-round\"\n\t\t\t\t\tstyle=\"color: #ffffff; \"\n\t\t\t\t\t\t\t\t\t>\n\t\t\t\t\t<div class=\"sow-icon-image\" style=\"background-image: url(https:\/\/www.sticker-manufaktur.com\/wp-content\/uploads\/2020\/12\/sublitasse3-Kopie.jpg); font-size: 70px\"><\/div>\t\t\t\t<\/div>\n\t\t\t\t\t\t\t\t\t<\/a>\n\t\t\t\t\t\n\t\t\t\t<div class=\"textwidget\">\n\t\t\t\t\t\n\t\t\t\t\t\n\t\t\t\t\t\t\t\t\t\t\t<h2>Sublimationsdruck<\/h2>\n\t\t\t\t\t\n\t\t\t\t\t\t\t\t\t<\/div>\n\t\t\t\t\t\t\t\t\n\t\t\t\t\t\t\t<\/div>\n\n\t\t\t\t\t\t\t\t<div\n\t\t\t\tclass=\"sow-features-feature sow-icon-container-position-top\"\n\t\t\t\tstyle=\"display: flex; flex-direction: column; width: calc(33.333% - 25px);\"\n\t\t\t>\n\t\t\t\n\t\t\t\t\t\t\t\t\t<a\n\t\t\t\t\t\thref=\"https:\/\/www.sticker-manufaktur.com\/?page_id=898\"\n\t\t\t\t\t\t\t\t\t\t\t>\n\t\t\t\t\t\t\t\t<div\n\t\t\t\t\tclass=\"sow-icon-container sow-container-round\"\n\t\t\t\t\tstyle=\"color: #ffffff; \"\n\t\t\t\t\t\t\t\t\t>\n\t\t\t\t\t<div class=\"sow-icon-image\" style=\"background-image: url(https:\/\/www.sticker-manufaktur.com\/wp-content\/uploads\/2020\/12\/digi1.jpg); font-size: 70px\"><\/div>\t\t\t\t<\/div>\n\t\t\t\t\t\t\t\t\t<\/a>\n\t\t\t\t\t\n\t\t\t\t<div class=\"textwidget\">\n\t\t\t\t\t\n\t\t\t\t\t\n\t\t\t\t\t\t\t\t\t\t\t<h2>Digitaldruck<\/h2>\n\t\t\t\t\t\n\t\t\t\t\t\t\t\t\t<\/div>\n\t\t\t\t\t\t\t\t\n\t\t\t\t\t\t\t<\/div>\n\n\t\t\t\t\t\t\t\t<div\n\t\t\t\tclass=\"sow-features-feature sow-icon-container-position-top\"\n\t\t\t\tstyle=\"display: flex; flex-direction: column; width: calc(33.333% - 25px);\"\n\t\t\t>\n\t\t\t\n\t\t\t\t\t\t\t\t\t<a\n\t\t\t\t\t\thref=\"https:\/\/www.sticker-manufaktur.com\/?page_id=900\"\n\t\t\t\t\t\t\t\t\t\t\t>\n\t\t\t\t\t\t\t\t<div\n\t\t\t\t\tclass=\"sow-icon-container sow-container-round\"\n\t\t\t\t\tstyle=\"color: #ffffff; \"\n\t\t\t\t\t\t\t\t\t>\n\t\t\t\t\t<div class=\"sow-icon-image\" style=\"background-image: url(https:\/\/www.sticker-manufaktur.com\/wp-content\/uploads\/2020\/12\/Unbenannt3.jpg); font-size: 70px\"><\/div>\t\t\t\t<\/div>\n\t\t\t\t\t\t\t\t\t<\/a>\n\t\t\t\t\t\n\t\t\t\t<div class=\"textwidget\">\n\t\t\t\t\t\n\t\t\t\t\t\n\t\t\t\t\t\t\t\t\t\t\t<h2>Stickerei<\/h2>\n\t\t\t\t\t\n\t\t\t\t\t\t\t\t\t<\/div>\n\t\t\t\t\t\t\t\t\n\t\t\t\t\t\t\t<\/div>\n\n\t\t\t\n<\/div>\n<\/div><\/div><\/div><\/div><\/div><div id=\"pg-245-3\"  class=\"panel-grid panel-has-style\" ><div class=\"siteorigin-panels-stretch panel-row-style panel-row-style-for-245-3\" data-stretch-type=\"full-stretched\" ><div id=\"pgc-245-3-0\"  class=\"panel-grid-cell\" ><div id=\"panel-245-3-0-0\" class=\"so-panel widget widget_sow-editor panel-first-child panel-last-child\" data-index=\"3\" ><div class=\"panel-widget-style panel-widget-style-for-245-3-0-0\" ><div\n\t\t\t\n\t\t\tclass=\"so-widget-sow-editor so-widget-sow-editor-base\"\n\t\t\t\n\t\t>\n<div class=\"siteorigin-widget-tinymce textwidget\">\n\t<div id=\"metaslider-id-572\" style=\"width: 100%;\" class=\"ml-slider-3-70-2 metaslider metaslider-flex metaslider-572 ml-slider ms-theme-default nav-hidden nav-hidden\" role=\"region\" aria-roledescription=\"Slideshow\" aria-label=\"Referenzen\">\n    <div id=\"metaslider_container_572\">\n        <div id=\"metaslider_572\">\n            <ul aria-live=\"polite\" class=\"slides\">\n                <li style=\"display: block; width: 100%;\" class=\"slide-676 ms-image \" aria-roledescription=\"slide\" aria-label=\"slide-676\"><img loading=\"lazy\" decoding=\"async\" width=\"960\" height=\"540\" src=\"https:\/\/www.sticker-manufaktur.com\/wp-content\/uploads\/2017\/11\/14907098_643092139199706_3165862146273122705_n-1.jpg\" class=\"slider-572 slide-676\" alt=\"\" rel=\"\" title=\"\" style=\"margin: 0 auto; width: 74.074074074074%\" srcset=\"https:\/\/www.sticker-manufaktur.com\/wp-content\/uploads\/2017\/11\/14907098_643092139199706_3165862146273122705_n-1.jpg 960w, https:\/\/www.sticker-manufaktur.com\/wp-content\/uploads\/2017\/11\/14907098_643092139199706_3165862146273122705_n-1-300x169.jpg 300w\" sizes=\"(max-width: 960px) 100vw, 960px\" \/><\/li>\n                <li style=\"display: none; width: 100%;\" class=\"slide-873 ms-image \" aria-roledescription=\"slide\" aria-label=\"slide-873\"><img loading=\"lazy\" decoding=\"async\" width=\"1134\" height=\"2016\" src=\"https:\/\/www.sticker-manufaktur.com\/wp-content\/uploads\/2020\/12\/sublitasse3-Kopie.jpg\" class=\"slider-572 slide-873\" alt=\"\" rel=\"\" title=\"\" style=\"margin: 0 auto; width: 23.4375%\" srcset=\"https:\/\/www.sticker-manufaktur.com\/wp-content\/uploads\/2020\/12\/sublitasse3-Kopie.jpg 1134w, https:\/\/www.sticker-manufaktur.com\/wp-content\/uploads\/2020\/12\/sublitasse3-Kopie-169x300.jpg 169w, https:\/\/www.sticker-manufaktur.com\/wp-content\/uploads\/2020\/12\/sublitasse3-Kopie-576x1024.jpg 576w, https:\/\/www.sticker-manufaktur.com\/wp-content\/uploads\/2020\/12\/sublitasse3-Kopie-768x1365.jpg 768w, https:\/\/www.sticker-manufaktur.com\/wp-content\/uploads\/2020\/12\/sublitasse3-Kopie-864x1536.jpg 864w\" sizes=\"(max-width: 1134px) 100vw, 1134px\" \/><div class=\"caption-wrap\"><div class=\"caption\">Tassen mit euren Wunschbildern. Sp\u00fclmaschinen geeignet.<\/div><\/div><\/li>\n                <li style=\"display: none; width: 100%;\" class=\"slide-874 ms-image \" aria-roledescription=\"slide\" aria-label=\"slide-874\"><img loading=\"lazy\" decoding=\"async\" width=\"1441\" height=\"1439\" src=\"https:\/\/www.sticker-manufaktur.com\/wp-content\/uploads\/2020\/12\/digi3-e1609073202842.jpg\" class=\"slider-572 slide-874\" alt=\"\" rel=\"\" title=\"\" style=\"margin: 0 auto; width: 41.724577252722%\" srcset=\"https:\/\/www.sticker-manufaktur.com\/wp-content\/uploads\/2020\/12\/digi3-e1609073202842.jpg 1441w, https:\/\/www.sticker-manufaktur.com\/wp-content\/uploads\/2020\/12\/digi3-e1609073202842-300x300.jpg 300w, https:\/\/www.sticker-manufaktur.com\/wp-content\/uploads\/2020\/12\/digi3-e1609073202842-1024x1024.jpg 1024w, https:\/\/www.sticker-manufaktur.com\/wp-content\/uploads\/2020\/12\/digi3-e1609073202842-150x150.jpg 150w, https:\/\/www.sticker-manufaktur.com\/wp-content\/uploads\/2020\/12\/digi3-e1609073202842-768x767.jpg 768w\" sizes=\"(max-width: 1441px) 100vw, 1441px\" \/><div class=\"caption-wrap\"><div class=\"caption\">Bilder dienen als Beispiel. Ich erstelle euch eure pers\u00f6nlichen Aufkleber.<\/div><\/div><\/li>\n                <li style=\"display: none; width: 100%;\" class=\"slide-875 ms-image \" aria-roledescription=\"slide\" aria-label=\"slide-875\"><img loading=\"lazy\" decoding=\"async\" width=\"2016\" height=\"1512\" src=\"https:\/\/www.sticker-manufaktur.com\/wp-content\/uploads\/2020\/12\/shirt2.jpg\" class=\"slider-572 slide-875\" alt=\"\" rel=\"\" title=\"shirt2\" style=\"margin: 0 auto; width: 55.555555555556%\" srcset=\"https:\/\/www.sticker-manufaktur.com\/wp-content\/uploads\/2020\/12\/shirt2.jpg 2016w, https:\/\/www.sticker-manufaktur.com\/wp-content\/uploads\/2020\/12\/shirt2-300x225.jpg 300w, https:\/\/www.sticker-manufaktur.com\/wp-content\/uploads\/2020\/12\/shirt2-1024x768.jpg 1024w, https:\/\/www.sticker-manufaktur.com\/wp-content\/uploads\/2020\/12\/shirt2-768x576.jpg 768w, https:\/\/www.sticker-manufaktur.com\/wp-content\/uploads\/2020\/12\/shirt2-1536x1152.jpg 1536w\" sizes=\"(max-width: 2016px) 100vw, 2016px\" \/><div class=\"caption-wrap\"><div class=\"caption\">Baby\/Kinder Kleidung mit Wunschdruck.<\/div><\/div><\/li>\n                <li style=\"display: none; width: 100%;\" class=\"slide-881 ms-image \" aria-roledescription=\"slide\" aria-label=\"slide-881\"><img loading=\"lazy\" decoding=\"async\" width=\"1440\" height=\"344\" src=\"https:\/\/www.sticker-manufaktur.com\/wp-content\/uploads\/2020\/12\/119973539_1583053835203527_1410742726541049245_o.jpg\" class=\"slider-572 slide-881\" alt=\"\" rel=\"\" title=\"\" style=\"margin-top: 8.8888888888889%\" srcset=\"https:\/\/www.sticker-manufaktur.com\/wp-content\/uploads\/2020\/12\/119973539_1583053835203527_1410742726541049245_o.jpg 1440w, https:\/\/www.sticker-manufaktur.com\/wp-content\/uploads\/2020\/12\/119973539_1583053835203527_1410742726541049245_o-300x72.jpg 300w, https:\/\/www.sticker-manufaktur.com\/wp-content\/uploads\/2020\/12\/119973539_1583053835203527_1410742726541049245_o-1024x245.jpg 1024w, https:\/\/www.sticker-manufaktur.com\/wp-content\/uploads\/2020\/12\/119973539_1583053835203527_1410742726541049245_o-768x183.jpg 768w\" sizes=\"(max-width: 1440px) 100vw, 1440px\" \/><div class=\"caption-wrap\"><div class=\"caption\">B\u00fcro Sichtschutz mit Firmen Logo<\/div><\/div><\/li>\n            <\/ul>\n        <\/div>\n        \n    <\/div>\n<\/div>\n<\/div>\n<\/div><\/div><\/div><\/div><\/div><\/div><div id=\"pg-245-4\"  class=\"panel-grid panel-has-style\" ><div class=\"panel-row-style panel-row-style-for-245-4\" ><div id=\"pgc-245-4-0\"  class=\"panel-grid-cell\" ><div id=\"panel-245-4-0-0\" class=\"so-panel widget widget_sow-editor panel-first-child panel-last-child\" data-index=\"4\" ><div class=\"whiteText panel-widget-style panel-widget-style-for-245-4-0-0\" ><div\n\t\t\t\n\t\t\tclass=\"so-widget-sow-editor so-widget-sow-editor-base\"\n\t\t\t\n\t\t>\n<div class=\"siteorigin-widget-tinymce textwidget\">\n\t<h2>Kontakt<\/h2>\n<p><strong>Sticker Manufaktur<br \/>\n<\/strong>Sascha Hehn<br \/>\nNeust\u00e4dter Stra\u00dfe 8<br \/>\n95469 Speichersdorf<\/p>\n<p>Tel.: 0176 \/ 70104556<br \/>\nE-Mail: <a href=\"mailto:info@sticker-manufaktur.com\">info@sticker-manufaktur.com<\/a><\/p>\n<\/div>\n<\/div><\/div><\/div><\/div><div id=\"pgc-245-4-1\"  class=\"panel-grid-cell\" ><div id=\"panel-245-4-1-0\" class=\"so-panel widget widget_sow-editor panel-first-child panel-last-child\" data-index=\"5\" ><div class=\"panel-widget-style panel-widget-style-for-245-4-1-0\" ><div\n\t\t\t\n\t\t\tclass=\"so-widget-sow-editor so-widget-sow-editor-base\"\n\t\t\t\n\t\t>\n<div class=\"siteorigin-widget-tinymce textwidget\">\n\t<p>&nbsp;<\/p>\n<p style=\"color: white;\">Ihre Daten werden nur f\u00fcr die Beantwortung Ihrer Anfrage gespeichert und verwendet. Sie werden nicht an Dritte weitergegeben. Sie k\u00f6nnen den Gebrauch jederzeit unter info@sticker-manufaktur.com widerrufen.<\/p>\n<\/div>\n<\/div><\/div><\/div><\/div><\/div><\/div><div id=\"pg-245-5\"  class=\"panel-grid panel-has-style\" ><div class=\"siteorigin-panels-stretch panel-row-style panel-row-style-for-245-5\" data-stretch-type=\"full-stretched\" ><div id=\"pgc-245-5-0\"  class=\"panel-grid-cell\" ><div id=\"panel-245-5-0-0\" class=\"so-panel widget widget_sow-google-map panel-first-child panel-last-child\" data-index=\"6\" ><div\n\t\t\t\n\t\t\tclass=\"so-widget-sow-google-map so-widget-sow-google-map-default-6b23895f316e-245\"\n\t\t\t\n\t\t>\n<div class=\"sow-google-map-canvas\"\n\tstyle=\"\"\n\tid=\"map-canvas-5ba67f220bb35611baa5d097401dafb7\"\n\tdata-options=\"{&quot;address&quot;:&quot;&quot;,&quot;zoom&quot;:12,&quot;mobileZoom&quot;:12,&quot;gestureHandling&quot;:&quot;greedy&quot;,&quot;disableUi&quot;:false,&quot;markerIcon&quot;:&quot;&quot;,&quot;markersDraggable&quot;:false,&quot;markerAtCenter&quot;:true,&quot;markerInfoDisplay&quot;:&quot;click&quot;,&quot;markerInfoMultiple&quot;:true,&quot;markerPositions&quot;:[{&quot;place&quot;:&quot;Neust\\u00e4dter Stra\\u00dfe 8, 95469 Speichersdorf&quot;,&quot;info&quot;:&quot;&lt;p&gt;&lt;strong&gt;Sticker Manufaktur&lt;\\\/strong&gt;&lt;br \\\/&gt;Sascha Hehn&lt;br \\\/&gt;Neust\\u00e4dter Stra\\u00dfe 8&lt;br \\\/&gt;95469 Speichersdorf&lt;\\\/p&gt;&quot;,&quot;infoSelectedEditor&quot;:&quot;tinymce&quot;,&quot;infoMaxWidth&quot;:&quot;&quot;,&quot;customMarkerIcon&quot;:0,&quot;customMarkerIconSize&quot;:&quot;&quot;}],&quot;mapName&quot;:&quot;Default&quot;,&quot;mapStyles&quot;:[{&quot;featureType&quot;:&quot;administrative&quot;,&quot;elementType&quot;:&quot;labels.text.fill&quot;,&quot;stylers&quot;:[{&quot;color&quot;:&quot;#444444&quot;}]},{&quot;featureType&quot;:&quot;landscape&quot;,&quot;elementType&quot;:&quot;all&quot;,&quot;stylers&quot;:[{&quot;color&quot;:&quot;#f2f2f2&quot;}]},{&quot;featureType&quot;:&quot;poi&quot;,&quot;elementType&quot;:&quot;all&quot;,&quot;stylers&quot;:[{&quot;visibility&quot;:&quot;off&quot;}]},{&quot;featureType&quot;:&quot;road&quot;,&quot;elementType&quot;:&quot;all&quot;,&quot;stylers&quot;:[{&quot;saturation&quot;:-100},{&quot;lightness&quot;:45}]},{&quot;featureType&quot;:&quot;road.highway&quot;,&quot;elementType&quot;:&quot;all&quot;,&quot;stylers&quot;:[{&quot;visibility&quot;:&quot;simplified&quot;}]},{&quot;featureType&quot;:&quot;road.arterial&quot;,&quot;elementType&quot;:&quot;labels.icon&quot;,&quot;stylers&quot;:[{&quot;visibility&quot;:&quot;off&quot;}]},{&quot;featureType&quot;:&quot;transit&quot;,&quot;elementType&quot;:&quot;all&quot;,&quot;stylers&quot;:[{&quot;visibility&quot;:&quot;off&quot;}]},{&quot;featureType&quot;:&quot;water&quot;,&quot;elementType&quot;:&quot;all&quot;,&quot;stylers&quot;:[{&quot;color&quot;:&quot;#46bcec&quot;},{&quot;visibility&quot;:&quot;on&quot;}]}],&quot;directions&quot;:&quot;&quot;,&quot;apiKey&quot;:&quot;AIzaSyBUJAB8VSqfyH2ndFRxJnBbA_FUUKmEdWY&quot;,&quot;breakpoint&quot;:780}\"\n\tdata-fallback-image=\"{&quot;img&quot;:&quot;&quot;}\"><\/div>\n<\/div><\/div><\/div><\/div><\/div><\/div>","protected":false},"excerpt":{"rendered":"<p>Ihr habt die Ideen? Die Sticker Manufaktur setzt sie f\u00fcr euch um. Aufkleber\/Decals Mehrfarbig geplottete Motive, z.B. f\u00fcr die Verzierung von Autos, Fahrr\u00e4der oder Modellbau geeignet.\u00a0 KFZ-Beschriftungen\/Designs Wand-Tattoos &nbsp; Anspruchsvolle Verzierungen f\u00fcr deine eigenen vier W\u00e4nde Textilveredelung Mehrfarbig bedruckte Shirt Hoodys oder Pullover , nach euren w\u00fcnschen. Sublimationsdruck Digitaldruck Stickerei Tassen mit euren Wunschbildern. Sp\u00fclmaschinen [&hellip;]<\/p>\n","protected":false},"author":4,"featured_media":0,"parent":0,"menu_order":0,"comment_status":"closed","ping_status":"closed","template":"fullwidth.php","meta":{"footnotes":""},"_links":{"self":[{"href":"https:\/\/www.sticker-manufaktur.com\/index.php?rest_route=\/wp\/v2\/pages\/245"}],"collection":[{"href":"https:\/\/www.sticker-manufaktur.com\/index.php?rest_route=\/wp\/v2\/pages"}],"about":[{"href":"https:\/\/www.sticker-manufaktur.com\/index.php?rest_route=\/wp\/v2\/types\/page"}],"author":[{"embeddable":true,"href":"https:\/\/www.sticker-manufaktur.com\/index.php?rest_route=\/wp\/v2\/users\/4"}],"replies":[{"embeddable":true,"href":"https:\/\/www.sticker-manufaktur.com\/index.php?rest_route=%2Fwp%2Fv2%2Fcomments&post=245"}],"version-history":[{"count":21,"href":"https:\/\/www.sticker-manufaktur.com\/index.php?rest_route=\/wp\/v2\/pages\/245\/revisions"}],"predecessor-version":[{"id":1081,"href":"https:\/\/www.sticker-manufaktur.com\/index.php?rest_route=\/wp\/v2\/pages\/245\/revisions\/1081"}],"wp:attachment":[{"href":"https:\/\/www.sticker-manufaktur.com\/index.php?rest_route=%2Fwp%2Fv2%2Fmedia&parent=245"}],"curies":[{"name":"wp","href":"https:\/\/api.w.org\/{rel}","templated":true}]}}